{"id":407,"date":"2016-03-30T21:51:17","date_gmt":"2016-03-30T20:51:17","guid":{"rendered":"http:\/\/maison-pipa-bresil.com\/pt-br\/?page_id=407"},"modified":"2019-07-12T16:38:54","modified_gmt":"2019-07-12T15:38:54","slug":"page-d-exemple","status":"publish","type":"page","link":"http:\/\/maison-pipa-bresil.com\/pt-br\/","title":{"rendered":"Inicio"},"content":{"rendered":"<p>[vc_row css=&#8221;.vc_custom_1459844261391{margin-top: 30px !important;}&#8221;][vc_column][vc_column_text]<\/p>\n<h2>Lindo loft para venda ou aluguel de um hotel boutique em Pipa &#8211; Brasil<\/h2>\n<p>[\/vc_column_text][\/vc_column][\/vc_row][vc_row][vc_column width=&#8221;1\/4&#8243;][vc_empty_space height=&#8221;20px&#8221;][vc_single_image image=&#8221;426&#8243; img_size=&#8221;full&#8221;][vc_single_image image=&#8221;504&#8243; img_size=&#8221;full&#8221;][\/vc_column][vc_column width=&#8221;3\/4&#8243;][vc_column_text]<em><strong><span style=\"line-height: 1.5;\">Imagine que voc\u00ea tem 40 metros de altura, no topo de um penhasco em um loft lindo com o mar a seus p\u00e9s e para o oceano na frente de voc\u00ea em 180 graus. Bem-vindo a uma das melhores vistas do Brasil!<\/span><\/strong><\/em><\/p>\n<p id=\"tw-target-text\" class=\"tw-data-text vk_txt tw-ta tw-text-small\" dir=\"ltr\" data-placeholder=\"Traduction\"><span lang=\"pt\">A casa est\u00e1 situada entre a vila vibrante de Pipa e da aldeia relaxante de Tibau do Sul, com os p\u00e9s para a paradis\u00edaca praia de Cacimbinhas , que \u00e9 protegido para as tartarugas marinhas do assentamento .Uma casa em um complexo \u00e9 composto por 14 sot\u00e3o privado em um terreno de 7000 m2, cada um com sua vista panor\u00e2mica do oceano . A casa tem acesso directo \u00e0 fabulosa praia de Cacimbinhas , que se situa a 800 metros da praia de Madeiro , onde voc\u00ea pode nadar com uma col\u00f4nia de golfinhos que s\u00e3o eleitos domic\u00edlio . Tamb\u00e9m desfrutar do restaurante , piscina com borda infinita bar perto do sal\u00e3o e sol\u00e1rio , voc\u00ea ter\u00e1 o lugar perfeito para relaxar e ver o p\u00f4r do sol.<\/span><\/p>\n<p>[\/vc_column_text][\/vc_column][\/vc_row][vc_row][vc_column width=&#8221;1\/3&#8243;]<div class=\"icon-box\"><i class=\"fa fa-location-arrow\" style=\"color:#76b401\"><\/i><div class=\"icon-box-content\"><h3>Praiha da Pipa <\/h3><p><\/p>\n<p id=\"tw-target-text\" class=\"tw-data-text vk_txt tw-ta tw-text-small\" dir=\"ltr\" data-placeholder=\"Traduction\"><span lang=\"pt\">mais comumente chamado &#8221; Pipa &#8221; \u00e9 a St. Tropez do Norte do Brasil , com muitas lojas, bares e restaurantes. Pipa \u00e9 de 80 km do Aeroporto Internacional de Natal<\/span><\/p>\n<p><\/p><\/div><\/div>[\/vc_column][vc_column width=&#8221;1\/3&#8243;]<div class=\"icon-box\"><i class=\"fa fa-home\" style=\"color:#76b401\"><\/i><div class=\"icon-box-content\"><h3> Casa para alugar ou comprar<\/h3><p>A casa pode ser comprado ou alugado , \u00e9 gerido e mantido pela equipe de loja do hotel. Casa de 180 m2 com 3 quartos podem acomodar 6 pessoas . O quarto da cama principal tem uma banheira de hidromassagem e uma varanda privada<\/p><\/div><\/div>[\/vc_column][vc_column width=&#8221;1\/3&#8243;]<div class=\"icon-box\"><i class=\"fa fa-bed\" style=\"color:#76b401\"><\/i><div class=\"icon-box-content\"><h3> Boutique Hotel <\/h3><p>Uma casa em um complexo, portanto, oferece todos os servi\u00e7os de um hotel de luxo, em casa! O hotel boutique tem uma reputa\u00e7\u00e3o muito boa no Brasil, que \u00e9 gerido por uma equipa europeia . Os propriet\u00e1rios tamb\u00e9m s\u00e3o principalmente europeus ( franc\u00eas, belga, italiano, holand\u00eas ou Portugu\u00eas ) .<\/p><\/div><\/div>[\/vc_column][\/vc_row][vc_row][vc_column][vc_gmaps link=&#8221;#E-8_JTNDaWZyYW1lJTIwc3JjJTNEJTIyaHR0cHMlM0ElMkYlMkZ3d3cuZ29vZ2xlLmNvbSUyRm1hcHMlMkZlbWJlZCUzRnBiJTNEJTIxMW0xOCUyMTFtMTIlMjExbTMlMjExZDE1ODY1LjA2MDA1ODQxNzM0OCUyMTJkLTM1LjA2MDc2MDIxNzAyODElMjEzZC02LjIyODc0OTc5Njc2ODM0NCUyMTJtMyUyMTFmMCUyMTJmMCUyMTNmMCUyMTNtMiUyMTFpMTAyNCUyMTJpNzY4JTIxNGYxMy4xJTIxM20zJTIxMW0yJTIxMXMweDdiMjhmZTY1Mjc0OWFkZCUyNTNBMHg5NTE2M2MxOTJlYjY1MjE4JTIxMnNQaXBhJTIxNWUwJTIxM20yJTIxMXNmciUyMTJzZnIlMjE0djE1NjI5NDU4ODgxMDYlMjE1bTIlMjExc2ZyJTIxMnNmciUyMiUyMHdpZHRoJTNEJTIyNjAwJTIyJTIwaGVpZ2h0JTNEJTIyNDUwJTIyJTIwZnJhbWVib3JkZXIlM0QlMjIwJTIyJTIwc3R5bGUlM0QlMjJib3JkZXIlM0EwJTIyJTIwYWxsb3dmdWxsc2NyZWVuJTNFJTNDJTJGaWZyYW1lJTNF&#8221; title=&#8221; A casa no Pipa&#8221;][\/vc_column][\/vc_row]<\/p>\n","protected":false},"excerpt":{"rendered":"<p>[vc_row css=&#8221;.vc_custom_1459844261391{margin-top: 30px !important;}&#8221;][vc_column][vc_column_text] Lindo loft para venda ou aluguel de um hotel boutique em Pipa &#8211; Brasil [\/vc_column_text][\/vc_column][\/vc_row][vc_row][vc_column width=&#8221;1\/4&#8243;][vc_empty_space height=&#8221;20px&#8221;][vc_single_image image=&#8221;426&#8243; img_size=&#8221;full&#8221;][vc_single_image image=&#8221;504&#8243; img_size=&#8221;full&#8221;][\/vc_column][vc_column width=&#8221;3\/4&#8243;][vc_column_text]Imagine que voc\u00ea tem 40 metros de altura, no topo de um penhasco em um loft lindo com o mar a seus p\u00e9s e para o oceano na frente de<\/p>\n","protected":false},"author":1,"featured_media":0,"parent":0,"menu_order":0,"comment_status":"closed","ping_status":"open","template":"template-home.php","meta":[],"_links":{"self":[{"href":"http:\/\/maison-pipa-bresil.com\/pt-br\/wp-json\/wp\/v2\/pages\/407"}],"collection":[{"href":"http:\/\/maison-pipa-bresil.com\/pt-br\/wp-json\/wp\/v2\/pages"}],"about":[{"href":"http:\/\/maison-pipa-bresil.com\/pt-br\/wp-json\/wp\/v2\/types\/page"}],"author":[{"embeddable":true,"href":"http:\/\/maison-pipa-bresil.com\/pt-br\/wp-json\/wp\/v2\/users\/1"}],"replies":[{"embeddable":true,"href":"http:\/\/maison-pipa-bresil.com\/pt-br\/wp-json\/wp\/v2\/comments?post=407"}],"version-history":[{"count":12,"href":"http:\/\/maison-pipa-bresil.com\/pt-br\/wp-json\/wp\/v2\/pages\/407\/revisions"}],"predecessor-version":[{"id":728,"href":"http:\/\/maison-pipa-bresil.com\/pt-br\/wp-json\/wp\/v2\/pages\/407\/revisions\/728"}],"wp:attachment":[{"href":"http:\/\/maison-pipa-bresil.com\/pt-br\/wp-json\/wp\/v2\/media?parent=407"}],"curies":[{"name":"wp","href":"https:\/\/api.w.org\/{rel}","templated":true}]}}