{"id":602,"date":"2016-03-30T22:54:19","date_gmt":"2016-03-30T21:54:19","guid":{"rendered":"http:\/\/maison-pipa-bresil.com\/pt-br\/vendre\/"},"modified":"2020-02-10T15:03:46","modified_gmt":"2020-02-10T14:03:46","slug":"vendre","status":"publish","type":"page","link":"http:\/\/maison-pipa-bresil.com\/pt-br\/vendre\/","title":{"rendered":"Comprar casa"},"content":{"rendered":"<p>[vc_row][vc_column][\/vc_column][\/vc_row][vc_row][vc_column width=&#8221;1\/2&#8243;][vc_column_text]<\/p>\n<h2>vendas e pre\u00e7os visita<\/h2>\n<p>Fa\u00e7a-nos uma visita de inspec\u00e7\u00e3o, em combina\u00e7\u00e3o com uma estadia relaxante.<\/p>\n<p>Vamos oferecer-lhe alojamento de uma semana livre de no caso de voc\u00ea comprar a casa.<\/p>\n<p><em><strong>pre\u00e7o da casa de compra decorados:\u00a0R$\u00a01 700 000 Impostos inclui<\/strong><\/em>[\/vc_column_text][\/vc_column][vc_column width=&#8221;1\/2&#8243;][vc_empty_space height=&#8221;50&#8243;][vc_column_text]<\/p>\n<div id=\"gt-src-c\" class=\"g-unit\">\n<div id=\"gt-src-p\">\n<div id=\"gt-src-wrap\" class=\"\">A casa \u00e9 gerido e mantido pela equipe de loja do hotel. Pode ser alugado durante a sua aus\u00eancia, a sua taxa de ocupa\u00e7\u00e3o \u00e9 de cerca de 75% ao ano.<\/div>\n<\/div>\n<\/div>\n<div id=\"gt-res-c\" class=\"g-unit\">\n<div id=\"gt-res-p\">\n<div id=\"gt-res-data\">\n<div id=\"gt-res-wrap\">\n<div id=\"gt-res-content\">\n<div dir=\"ltr\"><span class=\"\" lang=\"pt\"><span class=\"\" lang=\"pt\"> A casa \u00e9 parte do hotel \u00e9 composto por 14 sot\u00e3o privado em um terreno de 7000 m2, cada um com sua vista panor\u00e2mica do oceano.<br \/>\nCasa de 180 m2 com 3 quartos podem acomodar 6 pessoas.<\/span><\/span><\/div>\n<\/div>\n<\/div>\n<\/div>\n<\/div>\n<\/div>\n<p><a href=\"http:\/\/maison-pipa-bresil.com\/la-propriete\/\">informa\u00e7\u00f5es sobre a casa<\/a>[\/vc_column_text][\/vc_column][\/vc_row][vc_row][vc_column][vc_images_carousel images=&#8221;445,444&#8243; img_size=&#8221;full&#8221; autoplay=&#8221;yes&#8221; wrap=&#8221;yes&#8221;][vc_column_text]<\/p>\n<h2>Descri\u00e7\u00e3o t\u00e9cnico<\/h2>\n<h3>TIPO<\/h3>\n<p>Casa geminada em estilo minimalista<\/p>\n<h3>\u00c1REAS<\/h3>\n<p>Pavimento: 83.54 m2 (interna); terra\u00e7o: 25,15 m2 (n\u00e3o coberto)<\/p>\n<p>Primeiro Andar: 58,18 m2 (interna) &#8211; 4,4 m2 (escada) = 53,78 m2; terra\u00e7o: 12,45 m2 (n\u00e3o coberto)<\/p>\n<p>\u00c1REA TOTAL: <strong>175,38 m2<\/strong><\/p>\n<h3>ESPECIFICA\u00c7\u00d5ES:<\/h3>\n<h4>Andar t\u00e9rreo<\/h4>\n<ul>\n<li>1 espa\u00e7o aberto com cozinha integrada: 51,63 m2<\/li>\n<li>T1: 12,95 m2<\/li>\n<li>1 casa de banho: 4.9 m2<\/li>\n<li>Escada interna de 4,4 m2<\/li>\n<li>Lavandaria &#8211; Bagagem: 8,12 m2<\/li>\n<li>Terrace (n\u00e3o coberta): 25,15 m2<\/li>\n<\/ul>\n<h4>Primeiro Andar<\/h4>\n<h5>QUARTO<\/h5>\n<ul>\n<li>Su\u00edte Master: 21,21 m2 com casa de banho integrada<\/li>\n<li>1 WC: 3,08 m2<\/li>\n<li>Terrace (n\u00e3o coberta): 12,45 m2<\/li>\n<\/ul>\n<h5>QUARTO 2<\/h5>\n<ul>\n<li>Suite: 15,67 m2<\/li>\n<li>1 casa de banho: 4,95 m2<\/li>\n<\/ul>\n<p>[\/vc_column_text][\/vc_column][\/vc_row]<\/p>\n","protected":false},"excerpt":{"rendered":"<p>[vc_row][vc_column][\/vc_column][\/vc_row][vc_row][vc_column width=&#8221;1\/2&#8243;][vc_column_text] vendas e pre\u00e7os visita Fa\u00e7a-nos uma visita de inspec\u00e7\u00e3o, em combina\u00e7\u00e3o com uma estadia relaxante. Vamos oferecer-lhe alojamento de uma semana livre de no caso de voc\u00ea comprar a casa. pre\u00e7o da casa de compra decorados:\u00a0R$\u00a01 700 000 Impostos inclui[\/vc_column_text][\/vc_column][vc_column width=&#8221;1\/2&#8243;][vc_empty_space height=&#8221;50&#8243;][vc_column_text] A casa \u00e9 gerido e mantido pela equipe de loja do<\/p>\n","protected":false},"author":1,"featured_media":0,"parent":0,"menu_order":0,"comment_status":"closed","ping_status":"closed","template":"template-revolution.php","meta":[],"_links":{"self":[{"href":"http:\/\/maison-pipa-bresil.com\/pt-br\/wp-json\/wp\/v2\/pages\/602"}],"collection":[{"href":"http:\/\/maison-pipa-bresil.com\/pt-br\/wp-json\/wp\/v2\/pages"}],"about":[{"href":"http:\/\/maison-pipa-bresil.com\/pt-br\/wp-json\/wp\/v2\/types\/page"}],"author":[{"embeddable":true,"href":"http:\/\/maison-pipa-bresil.com\/pt-br\/wp-json\/wp\/v2\/users\/1"}],"replies":[{"embeddable":true,"href":"http:\/\/maison-pipa-bresil.com\/pt-br\/wp-json\/wp\/v2\/comments?post=602"}],"version-history":[{"count":10,"href":"http:\/\/maison-pipa-bresil.com\/pt-br\/wp-json\/wp\/v2\/pages\/602\/revisions"}],"predecessor-version":[{"id":737,"href":"http:\/\/maison-pipa-bresil.com\/pt-br\/wp-json\/wp\/v2\/pages\/602\/revisions\/737"}],"wp:attachment":[{"href":"http:\/\/maison-pipa-bresil.com\/pt-br\/wp-json\/wp\/v2\/media?parent=602"}],"curies":[{"name":"wp","href":"https:\/\/api.w.org\/{rel}","templated":true}]}}