{"id":616,"date":"2016-07-19T18:02:33","date_gmt":"2016-07-19T17:02:33","guid":{"rendered":"http:\/\/maison-pipa-bresil.com\/pt-br\/les-9-bonnes-raisons-de-sejourner-a-pipa\/"},"modified":"2016-07-24T22:48:54","modified_gmt":"2016-07-24T21:48:54","slug":"les-9-bonnes-raisons-de-sejourner-a-pipa","status":"publish","type":"page","link":"http:\/\/maison-pipa-bresil.com\/pt-br\/les-9-bonnes-raisons-de-sejourner-a-pipa\/","title":{"rendered":"9 boas raz\u00f5es para ficar em Pipa"},"content":{"rendered":"<p>[vc_row][vc_column][vc_single_image image=&#8221;422&#8243; img_size=&#8221;full&#8221;][vc_column_text]<\/p>\n<ol>\n<li><strong>praias espetaculares<\/strong><br \/>\nAs praias de Pipa s\u00e3o verdadeiramente incr\u00edvel e muitas vezes entre as melhores praias do Brasil em revistas especializadas em viagens.<\/li>\n<li><strong>clima fant\u00e1stico<\/strong><br \/>\nPipa leva vantagem de que \u00e9 possivelmente o melhor clima no Brasil. Com temperatura m\u00e9dia anual de 28 \u00b0 C e mais de 300 dias de sol por ano, \u00e9 dif\u00edcil encontrar um destino melhor do que Pipa para desfrutar de suas f\u00e9rias, se brasileiro merecia.<\/li>\n<li><strong>Facilidade de acesso<\/strong><br \/>\nPipa \u00e9 um para\u00edso tropical que n\u00e3o s\u00f3 cativa quem a visita, mas tamb\u00e9m est\u00e1 localizado em uma \u00e1rea muito acess\u00edvel. Os turistas podem viajar de avi\u00e3o para o Aeroporto Internacional de Natal, j\u00e1 que quase todas as cidades do Brasil, e cada novo ano significa mais liga\u00e7\u00f5es a\u00e9reas internacionais para esta cidade. Voc\u00ea viajar por estrada para Pipa de Natal \u00e9 muito f\u00e1cil gra\u00e7as \u00e0 rodovia de pista dupla BR-101, que a modernidade oferece acesso confort\u00e1vel para a aldeia da maioria das cidades do Nordeste brasileiro.<\/li>\n<li><strong>comida deliciosa<\/strong><br \/>\nPipa um lugar de destaque entre os para\u00edso gastron\u00f3mico do Nordeste brasileiro. Desde Pipa \u00e9 o resort mais cosmopolita do Nordeste brasileiro, a cozinha, que \u00e9 proposto oferece toda a gama de sabores ex\u00f3ticos do Brasil e de outros pa\u00edses. Uma vez por ano, em outubro, Pipa celebra o seu festival de comida anual, onde os visitantes podem descobrir e provar que os restaurantes locais oferecem melhor.<\/li>\n<li><strong>Uma vasta gama de actividades &amp; Tour<\/strong><br \/>\nEm Pipa, uma coisa \u00e9 certa: voc\u00ea n\u00e3o vai ficar entediado por causa de uma falta de escolha de atividades. passeios de barco tremendas, nadar com golfinhos, passeios de buggy na praia, bem como uma vista fant\u00e1stica &#8230; A lista \u00e9 muito longa para mencionar todas as atividades e excurs\u00f5es que ser\u00e3o propostas em Pipa!<\/li>\n<li><strong>Vida noturna<\/strong><br \/>\nNoite em Pipa \u00e9 bem conhecido no Brasil e adquiriu a reputa\u00e7\u00e3o de ser a mais animada entre as aldeias costeiras do nordeste brasileiro. Em Pipa voc\u00ea ter\u00e1 acesso a muitas escolhas a partir do nascer do sol, a partir tranq\u00fcila bares onde voc\u00ea pode relaxar com os bares com m\u00fasica e anima\u00e7\u00e3o nocturna.<\/li>\n<li><strong>Um alojamento incr\u00edvel em um penhasco p\u00e9s na \u00e1gua<\/strong><\/li>\n<li><strong>Uma vila em uma escala humana<\/strong><br \/>\nPipa \u00e9 n\u00e3o s\u00f3 uma localiza\u00e7\u00e3o absolutamente soberba, seu tamanho \u00e9 tamb\u00e9m uma escala humana, nem muito grande nem muito pequeno. Tudo \u00e9 perto e \u00e9 poss\u00edvel caminhar at\u00e9 a maioria dos lugares, desde a aldeia \u00e9 grande o suficiente para oferecer uma atmosfera amig\u00e1vel durante todo o ano. Pipa realmente tem um tamanho perfeito para que voc\u00ea n\u00e3o perca tempo desnecessariamente condu\u00e7\u00e3o durante as suas f\u00e9rias no Brasil e para aproveitar ao m\u00e1ximo a praia.<\/li>\n<li><strong>Um destino de f\u00e9rias seguro<\/strong><br \/>\nPipa \u00e9 um lugar muito seguro. Seus habitantes s\u00e3o muito abertos e voc\u00ea sempre consider\u00e1-los como amigos. \u00c9 poss\u00edvel caminhar com seguran\u00e7a em Pipa, dia e noite.<\/li>\n<\/ol>\n<p>[\/vc_column_text][\/vc_column][\/vc_row][vc_row][vc_column][\/vc_column][\/vc_row]<\/p>\n","protected":false},"excerpt":{"rendered":"<p>[vc_row][vc_column][vc_single_image image=&#8221;422&#8243; img_size=&#8221;full&#8221;][vc_column_text] praias espetaculares As praias de Pipa s\u00e3o verdadeiramente incr\u00edvel e muitas vezes entre as melhores praias do Brasil em revistas especializadas em viagens. clima fant\u00e1stico Pipa leva vantagem de que \u00e9 possivelmente o melhor clima no Brasil. Com temperatura m\u00e9dia anual de 28 \u00b0 C e mais de 300 dias de sol<\/p>\n","protected":false},"author":1,"featured_media":0,"parent":0,"menu_order":0,"comment_status":"closed","ping_status":"closed","template":"template-full.php","meta":[],"_links":{"self":[{"href":"http:\/\/maison-pipa-bresil.com\/pt-br\/wp-json\/wp\/v2\/pages\/616"}],"collection":[{"href":"http:\/\/maison-pipa-bresil.com\/pt-br\/wp-json\/wp\/v2\/pages"}],"about":[{"href":"http:\/\/maison-pipa-bresil.com\/pt-br\/wp-json\/wp\/v2\/types\/page"}],"author":[{"embeddable":true,"href":"http:\/\/maison-pipa-bresil.com\/pt-br\/wp-json\/wp\/v2\/users\/1"}],"replies":[{"embeddable":true,"href":"http:\/\/maison-pipa-bresil.com\/pt-br\/wp-json\/wp\/v2\/comments?post=616"}],"version-history":[{"count":3,"href":"http:\/\/maison-pipa-bresil.com\/pt-br\/wp-json\/wp\/v2\/pages\/616\/revisions"}],"predecessor-version":[{"id":675,"href":"http:\/\/maison-pipa-bresil.com\/pt-br\/wp-json\/wp\/v2\/pages\/616\/revisions\/675"}],"wp:attachment":[{"href":"http:\/\/maison-pipa-bresil.com\/pt-br\/wp-json\/wp\/v2\/media?parent=616"}],"curies":[{"name":"wp","href":"https:\/\/api.w.org\/{rel}","templated":true}]}}