{"id":622,"date":"2016-03-30T22:51:26","date_gmt":"2016-03-30T21:51:26","guid":{"rendered":"http:\/\/maison-pipa-bresil.com\/pt-br\/louer\/"},"modified":"2019-03-02T09:59:13","modified_gmt":"2019-03-02T08:59:13","slug":"louer","status":"publish","type":"page","link":"http:\/\/maison-pipa-bresil.com\/pt-br\/louer\/","title":{"rendered":"Alugar casa"},"content":{"rendered":"<p>A casa est\u00e1 para alugar por uma semana. A casa \u00e9 amplamente descrito neste site. \u00c9 totalmente funcional, e voc\u00ea vai encontrar todas as comodidades para uma grande f\u00e9rias e relaxamento.<\/p>\n<h3>O arrendamento inclui,<\/h3>\n<p><strong>por um per\u00edodo de uma semana:<\/strong><\/p>\n<ul>\n<li>A disponibilidade da casa totalmente equipada para 7 noites<\/li>\n<li>Casa para 6 pessoas: 3 quartos, 2 com camas queen size e um com duas camas<\/li>\n<li>O aluguer come\u00e7a na data de chegada \u00e0s 14h e termina no dia da partida \u00e0s 12:00<\/li>\n<li>Possibilidade sem nenhum custo adicional, para chegar cedo e tarde partida, se a casa n\u00e3o \u00e9 alugado<\/li>\n<li>Possibilidade de chegada tardia<\/li>\n<li>o fornecimento de roupa de cama (len\u00e7\u00f3is e toalhas)<\/li>\n<li>eletricidade e \u00e1gua de consumo<\/li>\n<li>A manuten\u00e7\u00e3o do lar<\/li>\n<li>2 TV e Wi-Fi<\/li>\n<\/ul>\n<h3>Observa\u00e7\u00f5es<\/h3>\n<ul>\n<li>Tudo \u00e9 organizado para fazer o seu aluguer t\u00e3o simples quanto poss\u00edvel, de modo que o dia da chegada, a governanta vai preparar a casa para que voc\u00ea est\u00e1 de f\u00e9rias, na chegada.<\/li>\n<li>Boutique hotel oferece todos os servi\u00e7os de um hotel de luxo: a limpeza, restaura\u00e7\u00e3o &#8230; Esses servi\u00e7os s\u00e3o de sua responsabilidade<\/li>\n<li>Antes da sua partida, iremos fornecer informa\u00e7\u00f5es pr\u00e1ticas<\/li>\n<\/ul>\n<h3>N\u00e3o est\u00e1 inclu\u00eddo no aluguel<\/h3>\n<ul>\n<li>Benef\u00edcios do Boutique hotel<\/li>\n<li>Alguma dica para o pessoal<\/li>\n<\/ul>\n<h3>para alugar<\/h3>\n<p><a href=\"mailto:info@maison-pipa-bresil.com\">Contacte-nos por e-mail<\/a>, vamos responder muito rapidamente a disponibilidade, e ir\u00e1 responder \u00e0s suas perguntas<\/p>\n","protected":false},"excerpt":{"rendered":"<p>A casa est\u00e1 para alugar por uma semana. A casa \u00e9 amplamente descrito neste site. \u00c9 totalmente funcional, e voc\u00ea vai encontrar todas as comodidades para uma grande f\u00e9rias e relaxamento. O arrendamento inclui, por um per\u00edodo de uma semana: A disponibilidade da casa totalmente equipada para 7 noites Casa para 6 pessoas: 3 quartos,<\/p>\n","protected":false},"author":1,"featured_media":0,"parent":0,"menu_order":0,"comment_status":"closed","ping_status":"closed","template":"template-revolution.php","meta":[],"_links":{"self":[{"href":"http:\/\/maison-pipa-bresil.com\/pt-br\/wp-json\/wp\/v2\/pages\/622"}],"collection":[{"href":"http:\/\/maison-pipa-bresil.com\/pt-br\/wp-json\/wp\/v2\/pages"}],"about":[{"href":"http:\/\/maison-pipa-bresil.com\/pt-br\/wp-json\/wp\/v2\/types\/page"}],"author":[{"embeddable":true,"href":"http:\/\/maison-pipa-bresil.com\/pt-br\/wp-json\/wp\/v2\/users\/1"}],"replies":[{"embeddable":true,"href":"http:\/\/maison-pipa-bresil.com\/pt-br\/wp-json\/wp\/v2\/comments?post=622"}],"version-history":[{"count":5,"href":"http:\/\/maison-pipa-bresil.com\/pt-br\/wp-json\/wp\/v2\/pages\/622\/revisions"}],"predecessor-version":[{"id":715,"href":"http:\/\/maison-pipa-bresil.com\/pt-br\/wp-json\/wp\/v2\/pages\/622\/revisions\/715"}],"wp:attachment":[{"href":"http:\/\/maison-pipa-bresil.com\/pt-br\/wp-json\/wp\/v2\/media?parent=622"}],"curies":[{"name":"wp","href":"https:\/\/api.w.org\/{rel}","templated":true}]}}