{"id":628,"date":"2016-03-30T22:52:33","date_gmt":"2016-03-30T21:52:33","guid":{"rendered":"http:\/\/maison-pipa-bresil.com\/pt-br\/pipa\/"},"modified":"2019-07-12T16:46:40","modified_gmt":"2019-07-12T15:46:40","slug":"pipa","status":"publish","type":"page","link":"http:\/\/maison-pipa-bresil.com\/pt-br\/pipa\/","title":{"rendered":"Pipa"},"content":{"rendered":"<p>[vc_row][vc_column width=&#8221;1\/2&#8243;][vc_single_image image=&#8221;530&#8243; img_size=&#8221;full&#8221; title=&#8221;Quando e como chegar l\u00e1 ?&#8221;][vc_column_text]Todas as informa\u00e7\u00f5es para chegar a Pipa[\/vc_column_text][vc_btn title=&#8221;Quando e como chegar l\u00e1 ?&#8221; color=&#8221;info&#8221; link=&#8221;url:http%3A%2F%2Fmaison-pipa-bresil.com%2Fpt-br%2Fquand-et-comment-y-aller%2F|||&#8221;][\/vc_column][vc_column width=&#8221;1\/2&#8243;][vc_single_image image=&#8221;539&#8243; img_size=&#8221;full&#8221; title=&#8221;9 boas raz\u00f5es para ficar em Pipa&#8221;][vc_column_text]Descubra as 9 boas raz\u00f5es para ficar em Pipa[\/vc_column_text][vc_btn title=&#8221;9 boas raz\u00f5es para ficar em Pipa&#8221; color=&#8221;info&#8221; link=&#8221;url:http%3A%2F%2Fmaison-pipa-bresil.com%2Fpt-br%2Fles-9-bonnes-raisons-de-sejourner-a-pipa%2F|||&#8221;][\/vc_column][\/vc_row][vc_row][vc_column][vc_gmaps link=&#8221;#E-8_JTNDaWZyYW1lJTIwc3JjJTNEJTIyaHR0cHMlM0ElMkYlMkZ3d3cuZ29vZ2xlLmNvbSUyRm1hcHMlMkZlbWJlZCUzRnBiJTNEJTIxMW0xOCUyMTFtMTIlMjExbTMlMjExZDE1ODY1LjA2MDA1ODQxNzM0OCUyMTJkLTM1LjA2MDc2MDIxNzAyODElMjEzZC02LjIyODc0OTc5Njc2ODM0NCUyMTJtMyUyMTFmMCUyMTJmMCUyMTNmMCUyMTNtMiUyMTFpMTAyNCUyMTJpNzY4JTIxNGYxMy4xJTIxM20zJTIxMW0yJTIxMXMweDdiMjhmZTY1Mjc0OWFkZCUyNTNBMHg5NTE2M2MxOTJlYjY1MjE4JTIxMnNQaXBhJTIxNWUwJTIxM20yJTIxMXNmciUyMTJzZnIlMjE0djE1NjI5NDU4ODgxMDYlMjE1bTIlMjExc2ZyJTIxMnNmciUyMiUyMHdpZHRoJTNEJTIyNjAwJTIyJTIwaGVpZ2h0JTNEJTIyNDUwJTIyJTIwZnJhbWVib3JkZXIlM0QlMjIwJTIyJTIwc3R5bGUlM0QlMjJib3JkZXIlM0EwJTIyJTIwYWxsb3dmdWxsc2NyZWVuJTNFJTNDJTJGaWZyYW1lJTNF&#8221; title=&#8221;A casa no hotel boutique&#8221;][\/vc_column][\/vc_row]<\/p>\n","protected":false},"excerpt":{"rendered":"<p>[vc_row][vc_column width=&#8221;1\/2&#8243;][vc_single_image image=&#8221;530&#8243; img_size=&#8221;full&#8221; title=&#8221;Quando e como chegar l\u00e1 ?&#8221;][vc_column_text]Todas as informa\u00e7\u00f5es para chegar a Pipa[\/vc_column_text][vc_btn title=&#8221;Quando e como chegar l\u00e1 ?&#8221; color=&#8221;info&#8221; link=&#8221;url:http%3A%2F%2Fmaison-pipa-bresil.com%2Fpt-br%2Fquand-et-comment-y-aller%2F|||&#8221;][\/vc_column][vc_column width=&#8221;1\/2&#8243;][vc_single_image image=&#8221;539&#8243; img_size=&#8221;full&#8221; title=&#8221;9 boas raz\u00f5es para ficar em Pipa&#8221;][vc_column_text]Descubra as 9 boas raz\u00f5es para ficar em Pipa[\/vc_column_text][vc_btn title=&#8221;9 boas raz\u00f5es para ficar em Pipa&#8221; color=&#8221;info&#8221; link=&#8221;url:http%3A%2F%2Fmaison-pipa-bresil.com%2Fpt-br%2Fles-9-bonnes-raisons-de-sejourner-a-pipa%2F|||&#8221;][\/vc_column][\/vc_row][vc_row][vc_column][vc_gmaps link=&#8221;#E-8_JTNDaWZyYW1lJTIwc3JjJTNEJTIyaHR0cHMlM0ElMkYlMkZ3d3cuZ29vZ2xlLmNvbSUyRm1hcHMlMkZlbWJlZCUzRnBiJTNEJTIxMW0xOCUyMTFtMTIlMjExbTMlMjExZDE1ODY1LjA2MDA1ODQxNzM0OCUyMTJkLTM1LjA2MDc2MDIxNzAyODElMjEzZC02LjIyODc0OTc5Njc2ODM0NCUyMTJtMyUyMTFmMCUyMTJmMCUyMTNmMCUyMTNtMiUyMTFpMTAyNCUyMTJpNzY4JTIxNGYxMy4xJTIxM20zJTIxMW0yJTIxMXMweDdiMjhmZTY1Mjc0OWFkZCUyNTNBMHg5NTE2M2MxOTJlYjY1MjE4JTIxMnNQaXBhJTIxNWUwJTIxM20yJTIxMXNmciUyMTJzZnIlMjE0djE1NjI5NDU4ODgxMDYlMjE1bTIlMjExc2ZyJTIxMnNmciUyMiUyMHdpZHRoJTNEJTIyNjAwJTIyJTIwaGVpZ2h0JTNEJTIyNDUwJTIyJTIwZnJhbWVib3JkZXIlM0QlMjIwJTIyJTIwc3R5bGUlM0QlMjJib3JkZXIlM0EwJTIyJTIwYWxsb3dmdWxsc2NyZWVuJTNFJTNDJTJGaWZyYW1lJTNF&#8221; title=&#8221;A casa no<\/p>\n","protected":false},"author":1,"featured_media":0,"parent":0,"menu_order":0,"comment_status":"closed","ping_status":"closed","template":"template-full.php","meta":[],"_links":{"self":[{"href":"http:\/\/maison-pipa-bresil.com\/pt-br\/wp-json\/wp\/v2\/pages\/628"}],"collection":[{"href":"http:\/\/maison-pipa-bresil.com\/pt-br\/wp-json\/wp\/v2\/pages"}],"about":[{"href":"http:\/\/maison-pipa-bresil.com\/pt-br\/wp-json\/wp\/v2\/types\/page"}],"author":[{"embeddable":true,"href":"http:\/\/maison-pipa-bresil.com\/pt-br\/wp-json\/wp\/v2\/users\/1"}],"replies":[{"embeddable":true,"href":"http:\/\/maison-pipa-bresil.com\/pt-br\/wp-json\/wp\/v2\/comments?post=628"}],"version-history":[{"count":8,"href":"http:\/\/maison-pipa-bresil.com\/pt-br\/wp-json\/wp\/v2\/pages\/628\/revisions"}],"predecessor-version":[{"id":733,"href":"http:\/\/maison-pipa-bresil.com\/pt-br\/wp-json\/wp\/v2\/pages\/628\/revisions\/733"}],"wp:attachment":[{"href":"http:\/\/maison-pipa-bresil.com\/pt-br\/wp-json\/wp\/v2\/media?parent=628"}],"curies":[{"name":"wp","href":"https:\/\/api.w.org\/{rel}","templated":true}]}}