{"id":634,"date":"2016-07-19T18:03:04","date_gmt":"2016-07-19T17:03:04","guid":{"rendered":"http:\/\/maison-pipa-bresil.com\/pt-br\/quand-et-comment-y-aller\/"},"modified":"2016-07-24T23:14:26","modified_gmt":"2016-07-24T22:14:26","slug":"quand-et-comment-y-aller","status":"publish","type":"page","link":"http:\/\/maison-pipa-bresil.com\/pt-br\/quand-et-comment-y-aller\/","title":{"rendered":"Quando e como chegar l\u00e1 ?"},"content":{"rendered":"<p>[vc_row][vc_column][vc_single_image image=&#8221;530&#8243; img_size=&#8221;full&#8221;][vc_column_text]<\/p>\n<h2>Inverno ou ver\u00e3o &#8230;<\/h2>\n<p>Temperatura m\u00e9dia do ar anual: 28 \u00b0<\/p>\n<p>Temperatura m\u00e9dia anual de \u00e1gua: 28 \u00b0<\/p>\n<p>Mais de 300 dias de sol por ano<\/p>\n<p>Climas e temperaturas s\u00e3o efeito quase constante para esta parte do Brasil.<\/p>\n<h2>Chegando l\u00e1 &#8230;<\/h2>\n<p>A maneira mais f\u00e1cil para chegar a Pipa, \u00e9 voar para Natal e depois alugar um carro ou pegar um t\u00e1xi, que o levar\u00e1 ao cora\u00e7\u00e3o de Pipa (80 kms).<\/p>\n<p>Voos de TAP de Lisboa, prestar servi\u00e7o diariamente em Natal (7 horas de voo)<\/p>\n<p>De Paris com voo TAP 09:00 com escala em Lisboa 2 horas<\/p>\n<p>Acesso a Natal com a Air France via Rio ou S\u00e3o Paulo.<\/p>\n<p>Todas as empresas brasileiras fornecem liga\u00e7\u00f5es di\u00e1rias entre Natal e muitas cidades do Brasil.[\/vc_column_text][\/vc_column][\/vc_row][vc_row][vc_column][\/vc_column][\/vc_row]<\/p>\n","protected":false},"excerpt":{"rendered":"<p>[vc_row][vc_column][vc_single_image image=&#8221;530&#8243; img_size=&#8221;full&#8221;][vc_column_text] Inverno ou ver\u00e3o &#8230; Temperatura m\u00e9dia do ar anual: 28 \u00b0 Temperatura m\u00e9dia anual de \u00e1gua: 28 \u00b0 Mais de 300 dias de sol por ano Climas e temperaturas s\u00e3o efeito quase constante para esta parte do Brasil. Chegando l\u00e1 &#8230; A maneira mais f\u00e1cil para chegar a Pipa, \u00e9 voar para<\/p>\n","protected":false},"author":1,"featured_media":0,"parent":0,"menu_order":0,"comment_status":"closed","ping_status":"closed","template":"template-full.php","meta":[],"_links":{"self":[{"href":"http:\/\/maison-pipa-bresil.com\/pt-br\/wp-json\/wp\/v2\/pages\/634"}],"collection":[{"href":"http:\/\/maison-pipa-bresil.com\/pt-br\/wp-json\/wp\/v2\/pages"}],"about":[{"href":"http:\/\/maison-pipa-bresil.com\/pt-br\/wp-json\/wp\/v2\/types\/page"}],"author":[{"embeddable":true,"href":"http:\/\/maison-pipa-bresil.com\/pt-br\/wp-json\/wp\/v2\/users\/1"}],"replies":[{"embeddable":true,"href":"http:\/\/maison-pipa-bresil.com\/pt-br\/wp-json\/wp\/v2\/comments?post=634"}],"version-history":[{"count":2,"href":"http:\/\/maison-pipa-bresil.com\/pt-br\/wp-json\/wp\/v2\/pages\/634\/revisions"}],"predecessor-version":[{"id":688,"href":"http:\/\/maison-pipa-bresil.com\/pt-br\/wp-json\/wp\/v2\/pages\/634\/revisions\/688"}],"wp:attachment":[{"href":"http:\/\/maison-pipa-bresil.com\/pt-br\/wp-json\/wp\/v2\/media?parent=634"}],"curies":[{"name":"wp","href":"https:\/\/api.w.org\/{rel}","templated":true}]}}